{"id":17211,"date":"2021-02-28T20:18:07","date_gmt":"2021-02-28T20:18:07","guid":{"rendered":"https:\/\/quimtol.com.mx\/?page_id=17211"},"modified":"2021-04-13T15:57:22","modified_gmt":"2021-04-13T15:57:22","slug":"quienes-somos","status":"publish","type":"page","link":"https:\/\/quimtol.com.mx\/en\/quienes-somos\/","title":{"rendered":"ABOUT US"},"content":{"rendered":"<div class=\"vc_row wpb_row vc_row-fluid vc_custom_1614613707979 vc_column-gap-24 vc-row-508583\" >\n\t<div class=\"container et-clearfix\">\n\t\t<div class=\"wpb_column vc_column_container vc_col-sm-6 text-align-none\" >\n\t<div class=\"vc_column-inner\" >\n\t\t<div class=\"wpb_wrapper\">\n\t\t\t<span class=\"et-gap et-clearfix et-gap-432750 hide768 hide1280\"><\/span>\n\t<div  class=\"wpb_single_image wpb_content_element vc_align_center\">\n\t\t\n\t\t<figure class=\"wpb_wrapper vc_figure\">\n\t\t\t<div class=\"vc_single_image-wrapper   vc_box_border_grey\"><img width=\"480\" height=\"390\" src=\"https:\/\/quimtol.com.mx\/wp-content\/uploads\/2019\/02\/Quimtol-Final-Vertical-Slider.png\" class=\"vc_single_image-img attachment-full\" alt=\"\u00bfQUI\u00c9NES SOMOS?\" loading=\"lazy\" data-responsive-images=\"false\" \/><\/div>\n\t\t<\/figure>\n\t<\/div>\n<span class=\"et-gap et-clearfix et-gap-737539 hide767 hide1280\"><\/span>\t\t<\/div>\n\t\t\t<\/div>\n<\/div><div class=\"wpb_column vc_column_container vc_col-sm-6 text-align-none\" >\n\t<div class=\"vc_column-inner\" >\n\t\t<div class=\"wpb_wrapper\">\n\t\t\t<span class=\"et-gap et-clearfix et-gap-490140 hide767 hide1280-1366 hide1366-1600\"><\/span><h1 class=\"et-heading text-align-left tablet-text-align-inherit mobile-text-align-inherit animate-true words-direct\" id=\"et-heading-395170\" data-delay=\"0\" data-mobile-font=\"56px\" data-mobile-line-height=\"56px\" data-tablet-landscape-font=\"inherit\" data-tablet-portrait-font=\"inherit\" data-tablet-landscape-line-height=\"inherit\" data-tablet-portrait-line-height=\"inherit\" data-parallax=\"false\" data-move=\"false\" data-coordinatex=\"0\" data-coordinatey=\"0\" data-speed=\"10\"><span class=\"text-wrapper\"><span class=\"text\"><span class=\"highlight underline\" style=\"background: #1e73be;\">ABOUT US<\/span><\/span><\/span><\/h1><span class=\"et-gap et-clearfix et-gap-83941\"><\/span>\n<div class=\"wpb_text_column wpb_content_element\"  data-animation-delay=\"0\">\n\t<div class=\"wpb_wrapper\">\n\t\t<p style=\"text-align: justify;\">Quimtol S.A de C.V. was born in 2007 as a Mexican company that seeks to provide an excellent service in the distribution of chemical products for the industry. We have a team of specialists who have ensured the supply chain for each of our business partners.<\/p>\n<p style=\"text-align: justify;\">The products we sell are distinguished by meeting the highest quality standards; In addition to this, our service offer is conducted under ethical and responsible operating standards. We also offer our clients technical advice on the use, handling, transport and safe storage of each product as part of our added value.<\/p>\n<p style=\"text-align: justify;\">We are currently in the implementation of an Integrated Management System in terms of Quality, Safety and Environmental Care, as a commitment to our organizational philosophy and continuous improvement.<\/p>\n\t<\/div>\n<\/div>\n\n<span class=\"et-gap et-clearfix et-gap-83941\"><\/span>\t\t<\/div>\n\t\t\t<\/div>\n<\/div>\t<\/div>\n\t\t<\/div>","protected":false},"excerpt":{"rendered":"\u00bfQUI\u00c9NES SOMOS? Quimtol S.A de C.V. nace en el a\u00f1o 2007 como una empresa mexicana que busca otorgar un servicio de excelencia en la distribuci\u00f3n de productos qu\u00edmicos para la industria. Contamos con un equipo de especialistas que ha asegurado la cadena de suministro para cada uno de nuestros \u00a0socios comerciales. Los productos que comercializamos [...]","protected":false},"author":3,"featured_media":0,"parent":0,"menu_order":0,"comment_status":"closed","ping_status":"closed","template":"","meta":[],"_links":{"self":[{"href":"https:\/\/quimtol.com.mx\/en\/wp-json\/wp\/v2\/pages\/17211"}],"collection":[{"href":"https:\/\/quimtol.com.mx\/en\/wp-json\/wp\/v2\/pages"}],"about":[{"href":"https:\/\/quimtol.com.mx\/en\/wp-json\/wp\/v2\/types\/page"}],"author":[{"embeddable":true,"href":"https:\/\/quimtol.com.mx\/en\/wp-json\/wp\/v2\/users\/3"}],"replies":[{"embeddable":true,"href":"https:\/\/quimtol.com.mx\/en\/wp-json\/wp\/v2\/comments?post=17211"}],"version-history":[{"count":6,"href":"https:\/\/quimtol.com.mx\/en\/wp-json\/wp\/v2\/pages\/17211\/revisions"}],"predecessor-version":[{"id":17887,"href":"https:\/\/quimtol.com.mx\/en\/wp-json\/wp\/v2\/pages\/17211\/revisions\/17887"}],"wp:attachment":[{"href":"https:\/\/quimtol.com.mx\/en\/wp-json\/wp\/v2\/media?parent=17211"}],"curies":[{"name":"wp","href":"https:\/\/api.w.org\/{rel}","templated":true}]}}