{"id":17214,"date":"2021-02-28T20:21:02","date_gmt":"2021-02-28T20:21:02","guid":{"rendered":"https:\/\/quimtol.com.mx\/?page_id=17214"},"modified":"2021-03-30T15:08:39","modified_gmt":"2021-03-30T15:08:39","slug":"mision-vision-valores-filosofia","status":"publish","type":"page","link":"https:\/\/quimtol.com.mx\/en\/mision-vision-valores-filosofia\/","title":{"rendered":"MISSION - VISION - VALUES - PHILOSOPHY"},"content":{"rendered":"<div class=\"vc_row wpb_row vc_row-fluid vc_custom_1614613707979 vc_column-gap-24 vc-row-508583\" >\n\t<div class=\"container et-clearfix\">\n\t\t<div class=\"wpb_column vc_column_container vc_col-sm-3 text-align-none\" >\n\t<div class=\"vc_column-inner\" >\n\t\t<div class=\"wpb_wrapper\">\n\t\t\t\t\t<\/div>\n\t\t\t<\/div>\n<\/div><div class=\"wpb_column vc_column_container vc_col-sm-6 text-align-none\" >\n\t<div class=\"vc_column-inner\" >\n\t\t<div class=\"wpb_wrapper\">\n\t\t\t<span class=\"et-gap et-clearfix et-gap-490140 hide767 hide1280-1366 hide1366-1600\"><\/span><h1 class=\"et-heading text-align-center tablet-text-align-inherit mobile-text-align-inherit animate-true words-direct\" id=\"et-heading-884314\" data-delay=\"0\" data-mobile-font=\"56px\" data-mobile-line-height=\"56px\" data-tablet-landscape-font=\"inherit\" data-tablet-portrait-font=\"inherit\" data-tablet-landscape-line-height=\"inherit\" data-tablet-portrait-line-height=\"inherit\" data-parallax=\"false\" data-move=\"false\" data-coordinatex=\"0\" data-coordinatey=\"0\" data-speed=\"10\"><span class=\"text-wrapper\"><span class=\"text\"><span class=\"highlight underline\" style=\"background: #1e73be;\">MISSION<\/span><\/span><\/span><\/h1><span class=\"et-gap et-clearfix et-gap-83941\"><\/span>\n<div class=\"wpb_text_column wpb_content_element\"  data-animation-delay=\"0\">\n\t<div class=\"wpb_wrapper\">\n\t\t<p style=\"text-align: justify;\">We are a Mexican company dedicated to the distribution of top-quality chemical products, which we always seek to satisfy the needs of our customers through the firm alliance that has been created with our commercial partners; considered the best in the field. Providing a service in a safe way, seeking the satisfaction of our customers.<\/p>\n\t<\/div>\n<\/div>\n\n<span class=\"et-gap et-clearfix et-gap-83941\"><\/span>\t\t<\/div>\n\t\t\t<\/div>\n<\/div><div class=\"wpb_column vc_column_container vc_col-sm-3 text-align-none\" >\n\t<div class=\"vc_column-inner\" >\n\t\t<div class=\"wpb_wrapper\">\n\t\t\t\t\t<\/div>\n\t\t\t<\/div>\n<\/div>\t<\/div>\n\t\t<\/div><div class=\"vc_row wpb_row vc_row-fluid vc_custom_1614613707979 vc_column-gap-24 vc-row-508583\" >\n\t<div class=\"container et-clearfix\">\n\t\t<div class=\"wpb_column vc_column_container vc_col-sm-3 text-align-none\" >\n\t<div class=\"vc_column-inner\" >\n\t\t<div class=\"wpb_wrapper\">\n\t\t\t\t\t<\/div>\n\t\t\t<\/div>\n<\/div><div class=\"wpb_column vc_column_container vc_col-sm-6 text-align-none\" >\n\t<div class=\"vc_column-inner\" >\n\t\t<div class=\"wpb_wrapper\">\n\t\t\t<span class=\"et-gap et-clearfix et-gap-490140 hide767 hide1280-1366 hide1366-1600\"><\/span><h1 class=\"et-heading text-align-center tablet-text-align-inherit mobile-text-align-inherit animate-true words-direct\" id=\"et-heading-803131\" data-delay=\"0\" data-mobile-font=\"56px\" data-mobile-line-height=\"56px\" data-tablet-landscape-font=\"inherit\" data-tablet-portrait-font=\"inherit\" data-tablet-landscape-line-height=\"inherit\" data-tablet-portrait-line-height=\"inherit\" data-parallax=\"false\" data-move=\"false\" data-coordinatex=\"0\" data-coordinatey=\"0\" data-speed=\"10\"><span class=\"text-wrapper\"><span class=\"text\"><span class=\"highlight underline\" style=\"background: #1e73be;\">VISION<\/span><\/span><\/span><\/h1><span class=\"et-gap et-clearfix et-gap-83941\"><\/span>\n<div class=\"wpb_text_column wpb_content_element\"  data-animation-delay=\"0\">\n\t<div class=\"wpb_wrapper\">\n\t\t<p style=\"text-align: justify;\">To position ourselves as a leading distribution and generator of chemical products in its field at the national level. Providing high standards of quality, comprehensive security and service to our customers.<\/p>\n\t<\/div>\n<\/div>\n\n<span class=\"et-gap et-clearfix et-gap-83941\"><\/span>\t\t<\/div>\n\t\t\t<\/div>\n<\/div><div class=\"wpb_column vc_column_container vc_col-sm-3 text-align-none\" >\n\t<div class=\"vc_column-inner\" >\n\t\t<div class=\"wpb_wrapper\">\n\t\t\t\t\t<\/div>\n\t\t\t<\/div>\n<\/div>\t<\/div>\n\t\t<\/div><div class=\"vc_row wpb_row vc_row-fluid vc_custom_1614613707979 vc_column-gap-24 vc-row-508583\" >\n\t<div class=\"container et-clearfix\">\n\t\t<div class=\"wpb_column vc_column_container vc_col-sm-3 text-align-none\" >\n\t<div class=\"vc_column-inner\" >\n\t\t<div class=\"wpb_wrapper\">\n\t\t\t\t\t<\/div>\n\t\t\t<\/div>\n<\/div><div class=\"wpb_column vc_column_container vc_col-sm-6 text-align-none\" >\n\t<div class=\"vc_column-inner\" >\n\t\t<div class=\"wpb_wrapper\">\n\t\t\t<span class=\"et-gap et-clearfix et-gap-490140 hide767 hide1280-1366 hide1366-1600\"><\/span><h1 class=\"et-heading text-align-center tablet-text-align-inherit mobile-text-align-inherit animate-true words-direct\" id=\"et-heading-695034\" data-delay=\"0\" data-mobile-font=\"56px\" data-mobile-line-height=\"56px\" data-tablet-landscape-font=\"inherit\" data-tablet-portrait-font=\"inherit\" data-tablet-landscape-line-height=\"inherit\" data-tablet-portrait-line-height=\"inherit\" data-parallax=\"false\" data-move=\"false\" data-coordinatex=\"0\" data-coordinatey=\"0\" data-speed=\"10\"><span class=\"text-wrapper\"><span class=\"text\"><span class=\"highlight underline\" style=\"background: #1e73be;\">VALUES<\/span><\/span><\/span><\/h1><span class=\"et-gap et-clearfix et-gap-83941\"><\/span>\n<div class=\"wpb_text_column wpb_content_element\"  data-animation-delay=\"0\">\n\t<div class=\"wpb_wrapper\">\n\t\t<h2 style=\"text-align: justify;\"><a href=\"https:\/\/quimtol.com.mx\/wp-content\/uploads\/2019\/02\/Quimtol-Final-Icono.png\"><img loading=\"lazy\" class=\"alignnone wp-image-17235\" src=\"https:\/\/quimtol.com.mx\/wp-content\/uploads\/2019\/02\/Quimtol-Final-Icono-150x150.png\" alt=\"\" width=\"40\" height=\"38\" \/><\/a>\u00a0Respect<\/h2>\n<h2 style=\"text-align: justify;\"><a href=\"https:\/\/quimtol.com.mx\/wp-content\/uploads\/2019\/02\/Quimtol-Final-Icono.png\"><img loading=\"lazy\" class=\"alignnone wp-image-17235\" src=\"https:\/\/quimtol.com.mx\/wp-content\/uploads\/2019\/02\/Quimtol-Final-Icono-150x150.png\" alt=\"\" width=\"40\" height=\"38\" \/><\/a> Ethics<\/h2>\n<h2 style=\"text-align: justify;\"><a href=\"https:\/\/quimtol.com.mx\/wp-content\/uploads\/2019\/02\/Quimtol-Final-Icono.png\"><img loading=\"lazy\" class=\"alignnone wp-image-17235\" src=\"https:\/\/quimtol.com.mx\/wp-content\/uploads\/2019\/02\/Quimtol-Final-Icono-150x150.png\" alt=\"\" width=\"40\" height=\"38\" \/><\/a> Engagement<\/h2>\n<h2 style=\"text-align: justify;\"><a href=\"https:\/\/quimtol.com.mx\/wp-content\/uploads\/2019\/02\/Quimtol-Final-Icono.png\"><img loading=\"lazy\" class=\"alignnone wp-image-17235\" src=\"https:\/\/quimtol.com.mx\/wp-content\/uploads\/2019\/02\/Quimtol-Final-Icono-150x150.png\" alt=\"\" width=\"40\" height=\"38\" \/><\/a> Security<\/h2>\n\t<\/div>\n<\/div>\n\n<span class=\"et-gap et-clearfix et-gap-83941\"><\/span>\t\t<\/div>\n\t\t\t<\/div>\n<\/div><div class=\"wpb_column vc_column_container vc_col-sm-3 text-align-none\" >\n\t<div class=\"vc_column-inner\" >\n\t\t<div class=\"wpb_wrapper\">\n\t\t\t\t\t<\/div>\n\t\t\t<\/div>\n<\/div>\t<\/div>\n\t\t<\/div><div class=\"vc_row wpb_row vc_row-fluid vc_custom_1614613707979 vc_column-gap-24 vc-row-508583\" >\n\t<div class=\"container et-clearfix\">\n\t\t<div class=\"wpb_column vc_column_container vc_col-sm-3 text-align-none\" >\n\t<div class=\"vc_column-inner\" >\n\t\t<div class=\"wpb_wrapper\">\n\t\t\t\t\t<\/div>\n\t\t\t<\/div>\n<\/div><div class=\"wpb_column vc_column_container vc_col-sm-6 text-align-none\" >\n\t<div class=\"vc_column-inner\" >\n\t\t<div class=\"wpb_wrapper\">\n\t\t\t<span class=\"et-gap et-clearfix et-gap-490140 hide767 hide1280-1366 hide1366-1600\"><\/span><h1 class=\"et-heading text-align-center tablet-text-align-inherit mobile-text-align-inherit animate-true words-direct\" id=\"et-heading-845743\" data-delay=\"0\" data-mobile-font=\"56px\" data-mobile-line-height=\"56px\" data-tablet-landscape-font=\"inherit\" data-tablet-portrait-font=\"inherit\" data-tablet-landscape-line-height=\"inherit\" data-tablet-portrait-line-height=\"inherit\" data-parallax=\"false\" data-move=\"false\" data-coordinatex=\"0\" data-coordinatey=\"0\" data-speed=\"10\"><span class=\"text-wrapper\"><span class=\"text\"><span class=\"highlight underline\" style=\"background: #1e73be;\">PHILOSOPHY<\/span><\/span><\/span><\/h1><span class=\"et-gap et-clearfix et-gap-83941\"><\/span>\n<div class=\"wpb_text_column wpb_content_element\"  data-animation-delay=\"0\">\n\t<div class=\"wpb_wrapper\">\n\t\t<p style=\"text-align: justify;\">At Quimtol we are committed to each of our collaborators, seeking the continuous growth of our entire team, we know that work focused on developing new skills, attitudes and ways of solving problems is an important catalyst for the change and continuous growth that we seek in our organization. Our main priority is to foster attitudes in each of our collaborators that help contribute to the development of our society and care for the environment.<\/p>\n\t<\/div>\n<\/div>\n\n<span class=\"et-gap et-clearfix et-gap-83941\"><\/span>\t\t<\/div>\n\t\t\t<\/div>\n<\/div><div class=\"wpb_column vc_column_container vc_col-sm-3 text-align-none\" >\n\t<div class=\"vc_column-inner\" >\n\t\t<div class=\"wpb_wrapper\">\n\t\t\t\t\t<\/div>\n\t\t\t<\/div>\n<\/div>\t<\/div>\n\t\t<\/div>","protected":false},"excerpt":{"rendered":"MISI\u00d3N Somos una empresa mexicana dedicada a la distribuci\u00f3n de productos qu\u00edmicos de primera calidad, que siempre buscamos satisfacer las necesidades de nuestros clientes a trav\u00e9s de la firme alianza que se ha creado con nuestros socios comerciales; considerados los mejores en el ramo. Proporcionando un servicio de forma segura, buscando la satisfacci\u00f3n denuestros clientes. [...]","protected":false},"author":3,"featured_media":0,"parent":0,"menu_order":0,"comment_status":"closed","ping_status":"closed","template":"","meta":[],"_links":{"self":[{"href":"https:\/\/quimtol.com.mx\/en\/wp-json\/wp\/v2\/pages\/17214"}],"collection":[{"href":"https:\/\/quimtol.com.mx\/en\/wp-json\/wp\/v2\/pages"}],"about":[{"href":"https:\/\/quimtol.com.mx\/en\/wp-json\/wp\/v2\/types\/page"}],"author":[{"embeddable":true,"href":"https:\/\/quimtol.com.mx\/en\/wp-json\/wp\/v2\/users\/3"}],"replies":[{"embeddable":true,"href":"https:\/\/quimtol.com.mx\/en\/wp-json\/wp\/v2\/comments?post=17214"}],"version-history":[{"count":5,"href":"https:\/\/quimtol.com.mx\/en\/wp-json\/wp\/v2\/pages\/17214\/revisions"}],"predecessor-version":[{"id":17764,"href":"https:\/\/quimtol.com.mx\/en\/wp-json\/wp\/v2\/pages\/17214\/revisions\/17764"}],"wp:attachment":[{"href":"https:\/\/quimtol.com.mx\/en\/wp-json\/wp\/v2\/media?parent=17214"}],"curies":[{"name":"wp","href":"https:\/\/api.w.org\/{rel}","templated":true}]}}