{"id":17216,"date":"2021-02-28T20:22:51","date_gmt":"2021-02-28T20:22:51","guid":{"rendered":"https:\/\/quimtol.com.mx\/?page_id=17216"},"modified":"2021-03-26T20:05:51","modified_gmt":"2021-03-26T20:05:51","slug":"productos","status":"publish","type":"page","link":"https:\/\/quimtol.com.mx\/en\/productos\/","title":{"rendered":"PRODUCTS"},"content":{"rendered":"<div class=\"vc_row wpb_row vc_row-fluid vc_custom_1615665497912 vc_column-gap-24 vc-row-264259\" >\n\t<div class=\"container et-clearfix\">\n\t\t<div class=\"wpb_column vc_column_container vc_col-sm-12 text-align-none\" >\n\t<div class=\"vc_column-inner\" >\n\t\t<div class=\"wpb_wrapper\">\n\t\t\t\n<div class=\"wpb_text_column wpb_content_element\"  data-animation-delay=\"0\">\n\t<div class=\"wpb_wrapper\">\n\t\t<h1 style=\"text-align: center;\">Solid Chemicals<\/h1>\n\t<\/div>\n<\/div>\n\n\t\t<\/div>\n\t\t\t<\/div>\n<\/div>\t<\/div>\n\t\t<\/div><div class=\"vc_row wpb_row vc_row-fluid vc_column-gap-24\" >\n\t<div class=\"container et-clearfix\">\n\t\t<div class=\"wpb_column vc_column_container vc_col-sm-6 text-align-none\" >\n\t<div class=\"vc_column-inner\" >\n\t\t<div class=\"wpb_wrapper\">\n\t\t\t\n\t<div  class=\"wpb_single_image wpb_content_element vc_align_center\">\n\t\t\n\t\t<figure class=\"wpb_wrapper vc_figure\">\n\t\t\t<div class=\"vc_single_image-wrapper   vc_box_border_grey\"><img width=\"1280\" height=\"853\" src=\"https:\/\/quimtol.com.mx\/wp-content\/uploads\/2021\/03\/citrine-3201605_1280.jpg\" class=\"vc_single_image-img attachment-full\" alt=\"PRODUCTOS\" loading=\"lazy\" data-responsive-images=\"false\" \/><\/div>\n\t\t<\/figure>\n\t<\/div>\n\t\t<\/div>\n\t\t\t<\/div>\n<\/div><div class=\"wpb_column vc_column_container vc_col-sm-3 text-align-none\" >\n\t<div class=\"vc_column-inner\" >\n\t\t<div class=\"wpb_wrapper\">\n\t\t\t\n<div class=\"wpb_text_column wpb_content_element\"  data-animation-delay=\"0\">\n\t<div class=\"wpb_wrapper\">\n\t\t<ul>\n<li><a href=\"https:\/\/quimtol.com.mx\/en\/productos\/abrillantador-optico-2\/\">Optical Brightener<\/a><\/li>\n<li><a href=\"https:\/\/quimtol.com.mx\/en\/productos\/acetato-de-amonio\/\">Ammonium Acetate<\/a><\/li>\n<li><a href=\"https:\/\/quimtol.com.mx\/en\/productos\/acetato-de-sodio-anhidro1\/\">Sodium Acetate Anhydrous1<\/a><\/li>\n<li><a href=\"https:\/\/quimtol.com.mx\/en\/productos\/acetato-de-sodio-trihidratado\/\">Sodium Acetate Trihydrate<\/a><\/li>\n<li><a href=\"https:\/\/quimtol.com.mx\/en\/productos\/acido-borico-granular1\/\">Boric Acid Granular1<\/a><\/li>\n<li><a href=\"https:\/\/quimtol.com.mx\/en\/productos\/acido-borico-polvo\/\">Boric Acid Powder<\/a><\/li>\n<li><a href=\"https:\/\/quimtol.com.mx\/en\/productos\/acido-citrico\/\">Citric acid<\/a><\/li>\n<li><a href=\"https:\/\/quimtol.com.mx\/en\/productos\/acido-clorhidrico-30\/\">Hydrochloric Acid 30<\/a><\/li>\n<li><a href=\"https:\/\/quimtol.com.mx\/en\/productos\/acido-cromico\/\">Chromic acid<\/a><\/li>\n<li><a href=\"https:\/\/quimtol.com.mx\/en\/productos\/acido-succinico\/\">Succinic acid<\/a><\/li>\n<li><a href=\"https:\/\/quimtol.com.mx\/en\/productos\/acido-sulfamico-99\/\">Sulfamic Acid 99<\/a><\/li>\n<li><a href=\"https:\/\/quimtol.com.mx\/en\/productos\/alcohol-polivinilico-alta-viscosidad\/\">High Viscosity Polyvinyl Alcohol<\/a><\/li>\n<li><a href=\"https:\/\/quimtol.com.mx\/en\/productos\/alcohol-polivinilico-baja\/\">Low Polyvinyl Alcohol<\/a><\/li>\n<li><a href=\"https:\/\/quimtol.com.mx\/en\/productos\/alcohol-polivinilico-media\/\">Polyvinyl Alcohol Medium<\/a><\/li>\n<li><a href=\"https:\/\/quimtol.com.mx\/en\/productos\/benzoato-de-sodio-granular-1\/\">Sodium Benzoate Granular<\/a><\/li>\n<li><a href=\"https:\/\/quimtol.com.mx\/en\/productos\/bicarbonato-de-sodio-usp\/\">Sodium Bicarbonate Usp<\/a><\/li>\n<li><a href=\"https:\/\/quimtol.com.mx\/en\/productos\/bicarbonto-de-potasio\/\">Potassium Bicarbonate<\/a><\/li>\n<li><a href=\"https:\/\/quimtol.com.mx\/en\/productos\/bicromato-de-sodio\/\">Sodium Dichromate<\/a><\/li>\n<li><a href=\"https:\/\/quimtol.com.mx\/en\/productos\/bifluoruro-de-amonio\/\">Ammonium Bifluoride<\/a><\/li>\n<li><a href=\"https:\/\/quimtol.com.mx\/en\/productos\/bioxido-de-titanio-r900\/\">Titanium Bioxide R900<\/a><\/li>\n<li><a href=\"https:\/\/quimtol.com.mx\/en\/productos\/bisulfato-de-sodio\/\">Sodium Bisulfate<\/a><\/li>\n<li><a href=\"https:\/\/quimtol.com.mx\/en\/productos\/blanco-optico-para-algodon\/\">Optical White For Cotton<\/a><\/li>\n<li><a href=\"https:\/\/quimtol.com.mx\/en\/productos\/borax-decahidratado-granular\/\">Borax Decahydrate Granular<\/a><\/li>\n<li><a href=\"https:\/\/quimtol.com.mx\/en\/productos\/bromuro-de-sodio\/\">Sodium Bromide<\/a><\/li>\n<li><a href=\"https:\/\/quimtol.com.mx\/en\/productos\/carbonato-de-potasio-ligero\/\">Light Potassium Carbonate<\/a><\/li>\n<li><a href=\"https:\/\/quimtol.com.mx\/en\/productos\/carbonato-de-sodio-denso-imp\/\">Sodium Carbonate Dense Imp<\/a><\/li>\n<li><a href=\"https:\/\/quimtol.com.mx\/en\/productos\/carbonato-de-sodio-ligero\/\">Light Sodium Carbonate<\/a><\/li>\n<li><a href=\"https:\/\/quimtol.com.mx\/en\/productos\/carbopol-940-1\/\">Carbopol 940 -1<\/a><\/li>\n<li><a href=\"https:\/\/quimtol.com.mx\/en\/productos\/clorhidroxido-de-aluminio-50\/\">Aluminum Chlorohydroxide 50<\/a><\/li>\n<li><a href=\"https:\/\/quimtol.com.mx\/en\/productos\/cloruro-de-amonio-basf\/\">Ammonium Chloride Basf<\/a><\/li>\n<li><a href=\"https:\/\/quimtol.com.mx\/en\/productos\/cloruro-de-calcio-granular\/\">Calcium Chloride Granular<\/a><\/li>\n<li><a href=\"https:\/\/quimtol.com.mx\/en\/productos\/cloruro-de-magnesio-escamas\/\">Magnesium Chloride Flakes<\/a><\/li>\n<li><a href=\"https:\/\/quimtol.com.mx\/en\/productos\/cloruro-de-sodio-usp\/\">Sodium Chloride Usp<\/a><\/li>\n<li><a href=\"https:\/\/quimtol.com.mx\/en\/productos\/dodecil-bencen-sulfonato-de-sodio\/\">Sodium Dodecyl Bencen Sulfonate<\/a><\/li>\n<li><a href=\"https:\/\/quimtol.com.mx\/en\/productos\/edta-al-39\/\">Edta Al 39<\/a><\/li>\n<li><a href=\"https:\/\/quimtol.com.mx\/en\/productos\/fluorosilicato-de-sodio\/\">Sodium Fluorosilicate<\/a><\/li>\n<li><a href=\"https:\/\/quimtol.com.mx\/en\/productos\/fosfato-de-amonio-dibasico\/\">Dibasic Ammonium Phosphate<\/a><\/li>\n<li><a href=\"https:\/\/quimtol.com.mx\/en\/productos\/fosfato-monosodico-polvo\/\">Monosodium Phosphate Dust<\/a><\/li>\n<li><a href=\"https:\/\/quimtol.com.mx\/en\/productos\/fosfato-trisodico-anhidro\/\">Anhydrous Trisodium Phosphate<\/a><\/li>\n<li><a href=\"https:\/\/quimtol.com.mx\/en\/productos\/gluconato-de-sodio\/\">Sodium gluconate<\/a><\/li>\n<li><a href=\"https:\/\/quimtol.com.mx\/en\/productos\/goma-de-xanthan\/\">Xanthan Gum<\/a><\/li>\n<li><a href=\"https:\/\/quimtol.com.mx\/en\/productos\/hexametafosfato-de-sodio-granular\/\">Sodium Hexametaphosphate Granular<\/a><\/li>\n<li><a href=\"https:\/\/quimtol.com.mx\/en\/productos\/hexametafosfato-de-sodio-polvo\/\">Sodium Hexametaphosphate Dust<\/a><\/li>\n<li><a href=\"https:\/\/quimtol.com.mx\/en\/productos\/hidrosulfito-de-sodio-basf\/\">Sodium Hydrosulfite Basf<\/a><\/li>\n<li><a href=\"https:\/\/quimtol.com.mx\/en\/productos\/hidroxido-de-litio\/\">Lithium hydroxide<\/a><\/li>\n<\/ul>\n\t<\/div>\n<\/div>\n\n\t\t<\/div>\n\t\t\t<\/div>\n<\/div><div class=\"wpb_column vc_column_container vc_col-sm-3 text-align-none\" >\n\t<div class=\"vc_column-inner\" >\n\t\t<div class=\"wpb_wrapper\">\n\t\t\t\n<div class=\"wpb_text_column wpb_content_element\"  data-animation-delay=\"0\">\n\t<div class=\"wpb_wrapper\">\n\t\t<ul>\n<li><a href=\"https:\/\/quimtol.com.mx\/en\/productos\/hidroxido-de-potasio-al-90\/\">Potassium Hydroxide Al 90<\/a><\/li>\n<li><a href=\"https:\/\/quimtol.com.mx\/en\/productos\/hipoclorito-de-calcio-granular-ch\/\">Calcium Hypochlorite Granular Ch<\/a><\/li>\n<li><a href=\"https:\/\/quimtol.com.mx\/en\/productos\/hipoclorito-de-calcio-tabletas-3\/\">Calcium Hypochlorite Tablets 3<\/a><\/li>\n<li><a href=\"https:\/\/quimtol.com.mx\/en\/productos\/lignosulfonato-de-sodio\/\">Sodium Lignosulfonate<\/a><\/li>\n<li><a href=\"https:\/\/quimtol.com.mx\/en\/productos\/melamina\/\">Melamine<\/a><\/li>\n<li><a href=\"https:\/\/quimtol.com.mx\/en\/productos\/metabisulfito-de-sodio-basf\/\">Basf Sodium Metabisulfite<\/a><\/li>\n<li><a href=\"https:\/\/quimtol.com.mx\/en\/productos\/metabisulfito-de-sodio-calabrian\/\">Calabrian Sodium Metabisulfite<\/a><\/li>\n<li><a href=\"https:\/\/quimtol.com.mx\/en\/productos\/metabisulfito-de-sodio-turco\/\">Turkish Sodium Metabisulfite<\/a><\/li>\n<li><a href=\"https:\/\/quimtol.com.mx\/en\/productos\/metasilicato-de-sodio-pentahidratado\/\">Sodium Metasilicate Pentahydrate<\/a><\/li>\n<li><a href=\"https:\/\/quimtol.com.mx\/en\/productos\/mineral-de-cromo\/\">Chromium Mineral<\/a><\/li>\n<li><a href=\"https:\/\/quimtol.com.mx\/en\/productos\/nitrito-de-sodio\/\">Sodium nitrite<\/a><\/li>\n<li><a href=\"https:\/\/quimtol.com.mx\/en\/productos\/nitrito-sodico-hq\/\">Sodium Nitrite Hq<\/a><\/li>\n<li><a href=\"https:\/\/quimtol.com.mx\/en\/productos\/oxido-de-cobre-negro\/\">Black Copper Oxide<\/a><\/li>\n<li><a href=\"https:\/\/quimtol.com.mx\/en\/productos\/peg\/\">Peg<\/a><\/li>\n<li><a href=\"https:\/\/quimtol.com.mx\/en\/productos\/persulfato-de-potasio\/\">Potassium Persulfate<\/a><\/li>\n<li><a href=\"https:\/\/quimtol.com.mx\/en\/productos\/pirofosfato-tetrasodico\/\">Tetrasodium Pyrophosphate<\/a><\/li>\n<li><a href=\"https:\/\/quimtol.com.mx\/en\/productos\/polyox-301\/\">Polyox-301<\/a><\/li>\n<li><a href=\"https:\/\/quimtol.com.mx\/en\/productos\/potasa-caustica-escamas\/\">Caustic Potash Flakes<\/a><\/li>\n<li><a href=\"https:\/\/quimtol.com.mx\/en\/productos\/sal-en-grano\/\">Grain salt<\/a><\/li>\n<li><a href=\"https:\/\/quimtol.com.mx\/en\/productos\/sal-refinada\/\">Refined salt<\/a><\/li>\n<li><a href=\"https:\/\/quimtol.com.mx\/en\/productos\/sal-tetrasodica-del-edta\/\">Edta Tetrasodium Salt<\/a><\/li>\n<li><a href=\"https:\/\/quimtol.com.mx\/en\/productos\/silicofluoruro-de-sodio\/\">Sodium Silicofluoride<\/a><\/li>\n<li><a href=\"https:\/\/quimtol.com.mx\/en\/productos\/sosa-caustica-escamas\/\">Caustic Soda Flakes<\/a><\/li>\n<li><a href=\"https:\/\/quimtol.com.mx\/en\/productos\/sosa-caustica-granular\/\">Granular Caustic Soda<\/a><\/li>\n<li><a href=\"https:\/\/quimtol.com.mx\/en\/productos\/sosa-caustica-microperlas\/\">Caustic Soda Microbeads<\/a><\/li>\n<li><a href=\"https:\/\/quimtol.com.mx\/en\/productos\/sulfato-de-aluminio-libre-de-fierro-polv\/\">Aluminum Sulfate Free Iron Dust<\/a><\/li>\n<li><a href=\"https:\/\/quimtol.com.mx\/en\/productos\/sulfato-de-amonio\/\">Ammonium sulphate<\/a><\/li>\n<li><a href=\"https:\/\/quimtol.com.mx\/en\/productos\/sulfato-de-cobre-pentahidratado\/\">Copper Sulfate Pentahydrate<\/a><\/li>\n<li><a href=\"https:\/\/quimtol.com.mx\/en\/productos\/sulfato-de-sodio-qrey\/\">Sodium Sulfate Qrey<\/a><\/li>\n<li><a href=\"https:\/\/quimtol.com.mx\/en\/productos\/sulfato-de-sodio-qrey-az\/\">Sodium Sulfate Qrey-Az<\/a><\/li>\n<li><a href=\"https:\/\/quimtol.com.mx\/en\/productos\/sulfito-de-sodio-basf\/\">Basf Sodium Sulfite<\/a><\/li>\n<li><a href=\"https:\/\/quimtol.com.mx\/en\/productos\/sulfuro-de-sodio-escamas\/\">Sodium Sulfide Flakes<\/a><\/li>\n<li><a href=\"https:\/\/quimtol.com.mx\/en\/productos\/tiosulfato-de-sodio\/\">Sodium Thiosulfate<\/a><\/li>\n<li><a href=\"https:\/\/quimtol.com.mx\/en\/productos\/trietanolamina-85\/\">Triethanolamine 85<\/a><\/li>\n<li><a href=\"https:\/\/quimtol.com.mx\/en\/productos\/trilon-as\/\">Trilon As<\/a><\/li>\n<li><a href=\"https:\/\/quimtol.com.mx\/en\/productos\/trilon-b-polvo\/\">Trilon B Dust<\/a><\/li>\n<li><a href=\"https:\/\/quimtol.com.mx\/en\/productos\/tripolifosfato-de-sodio-granular\/\">Sodium Tripolyphosphate Granular<\/a><\/li>\n<li><a href=\"https:\/\/quimtol.com.mx\/en\/productos\/tripolifosfato-de-sodio-polvo\/\">Sodium Tripolyphosphate Dust<\/a><\/li>\n<li><a href=\"https:\/\/quimtol.com.mx\/en\/productos\/urea\/\">Urea<\/a><\/li>\n<li><a href=\"https:\/\/quimtol.com.mx\/en\/productos\/yodo-metalico\/\">Metallic Iodine<\/a><\/li>\n<\/ul>\n\t<\/div>\n<\/div>\n\n\t\t<\/div>\n\t\t\t<\/div>\n<\/div>\t<\/div>\n\t\t<\/div><div class=\"vc_row wpb_row vc_row-fluid vc_custom_1616789105656 vc_column-gap-24 vc-row-45528\" >\n\t<div class=\"container et-clearfix\">\n\t\t<div class=\"wpb_column vc_column_container vc_col-sm-12 text-align-none\" >\n\t<div class=\"vc_column-inner\" >\n\t\t<div class=\"wpb_wrapper\">\n\t\t\t\n<div class=\"wpb_text_column wpb_content_element\"  data-animation-delay=\"0\">\n\t<div class=\"wpb_wrapper\">\n\t\t<h1 style=\"text-align: center;\">Liquid Chemicals<\/h1>\n\t<\/div>\n<\/div>\n\n\t\t<\/div>\n\t\t\t<\/div>\n<\/div>\t<\/div>\n\t\t<\/div><div class=\"vc_row wpb_row vc_row-fluid vc_column-gap-24\" >\n\t<div class=\"container et-clearfix\">\n\t\t<div class=\"wpb_column vc_column_container vc_col-sm-6 text-align-none\" >\n\t<div class=\"vc_column-inner\" >\n\t\t<div class=\"wpb_wrapper\">\n\t\t\t\n\t<div  class=\"wpb_single_image wpb_content_element vc_align_center\">\n\t\t\n\t\t<figure class=\"wpb_wrapper vc_figure\">\n\t\t\t<div class=\"vc_single_image-wrapper   vc_box_border_grey\"><img width=\"1280\" height=\"847\" src=\"https:\/\/quimtol.com.mx\/wp-content\/uploads\/2021\/03\/lab-217074_1280.jpg\" class=\"vc_single_image-img attachment-full\" alt=\"PRODUCTOS\" loading=\"lazy\" data-responsive-images=\"false\" \/><\/div>\n\t\t<\/figure>\n\t<\/div>\n\t\t<\/div>\n\t\t\t<\/div>\n<\/div><div class=\"wpb_column vc_column_container vc_col-sm-3 text-align-none\" >\n\t<div class=\"vc_column-inner\" >\n\t\t<div class=\"wpb_wrapper\">\n\t\t\t\n<div class=\"wpb_text_column wpb_content_element\"  data-animation-delay=\"0\">\n\t<div class=\"wpb_wrapper\">\n\t\t<ul>\n<li><a href=\"https:\/\/quimtol.com.mx\/en\/productos\/aceite-de-pino\/\">Pine oil<\/a><\/li>\n<li><a href=\"https:\/\/quimtol.com.mx\/en\/productos\/aceite-mineral\/\">Mineral oil<\/a><\/li>\n<li><a href=\"https:\/\/quimtol.com.mx\/en\/acetato-de-etilo-2\/\">Ethyl acetate<\/a><\/li>\n<li><a href=\"https:\/\/quimtol.com.mx\/en\/productos\/acido-acetico-glacial-al-99\/\">Acetic Acid Glacial Al 99<\/a><\/li>\n<li><a href=\"https:\/\/quimtol.com.mx\/en\/productos\/acido-acetico-tecnico-80-85\/\">Acetic Acid Technical 80-85<\/a><\/li>\n<li><a href=\"https:\/\/quimtol.com.mx\/en\/productos\/acido-fosforico-ambar-al-85\/\">Phosphoric Acid Amber Al 85<\/a><\/li>\n<li><a href=\"https:\/\/quimtol.com.mx\/en\/productos\/acido-fosforico-clarificado-al-85\/\">Clarified Phosphoric Acid Al 85<\/a><\/li>\n<li><a href=\"https:\/\/quimtol.com.mx\/en\/productos\/acido-oleico\/\">Oleic acid<\/a><\/li>\n<li><a href=\"https:\/\/quimtol.com.mx\/en\/productos\/acido-sulfurico-al-98\/\">Sulfuric Acid Al 98<\/a><\/li>\n<li><a href=\"https:\/\/quimtol.com.mx\/en\/productos\/adbs-acido-dodecil-bencen-sulfonico\/\">Adbs Dodecyl Bencen Sulfonic Acid<\/a><\/li>\n<li><a href=\"https:\/\/quimtol.com.mx\/en\/productos\/alcohol-etilico-industrial\/\">Industrial Ethyl Alcohol<\/a><\/li>\n<li><a href=\"https:\/\/quimtol.com.mx\/en\/productos\/alcohol-isopropilico\/\">Isopropyl alcohol<\/a><\/li>\n<li><a href=\"https:\/\/quimtol.com.mx\/en\/productos\/alcohol-laurico-3-moles\/\">Lauric Alcohol 3 Moles<\/a><\/li>\n<li><a href=\"https:\/\/quimtol.com.mx\/en\/productos\/alcohol-metilico-metanol\/\">Methyl Alcohol Methanol<\/a><\/li>\n<li><a href=\"https:\/\/quimtol.com.mx\/en\/productos\/amida-de-coco\/\">Coconut Amide<\/a><\/li>\n<li><a href=\"https:\/\/quimtol.com.mx\/en\/productos\/betaina\/\">Betaine<\/a><\/li>\n<li><a href=\"https:\/\/quimtol.com.mx\/en\/productos\/butil-cellosolve\/\">Butyl Cellosolve<\/a><\/li>\n<li><a href=\"https:\/\/quimtol.com.mx\/en\/productos\/dietilienglicol\/\">Diethylene glycol<\/a><\/li>\n<li><a href=\"https:\/\/quimtol.com.mx\/en\/productos\/formaldehido-37\/\">Formaldehyde 37<\/a><\/li>\n<li><a href=\"https:\/\/quimtol.com.mx\/en\/productos\/glicerina-usp\/\">Glycerin Usp<\/a><\/li>\n<\/ul>\n\t<\/div>\n<\/div>\n\n\t\t<\/div>\n\t\t\t<\/div>\n<\/div><div class=\"wpb_column vc_column_container vc_col-sm-3 text-align-none\" >\n\t<div class=\"vc_column-inner\" >\n\t\t<div class=\"wpb_wrapper\">\n\t\t\t\n<div class=\"wpb_text_column wpb_content_element\"  data-animation-delay=\"0\">\n\t<div class=\"wpb_wrapper\">\n\t\t<ul>\n<li><a href=\"https:\/\/quimtol.com.mx\/en\/productos\/heptano\/\">Heptane<\/a><\/li>\n<li><a href=\"https:\/\/quimtol.com.mx\/en\/productos\/hidroxido-de-amonio\/\">Ammonium hydroxide<\/a><\/li>\n<li><a href=\"https:\/\/quimtol.com.mx\/en\/productos\/hipoclorito-de-sodio-al-13\/\">Sodium Hypochlorite 13<\/a><\/li>\n<li><a href=\"https:\/\/quimtol.com.mx\/en\/productos\/jabon-potasico\/\">Potassium Soap<\/a><\/li>\n<li><a href=\"https:\/\/quimtol.com.mx\/en\/productos\/lauril-eter-sulfato-de-sodio\/\">Sodium lauryl ether sulfate<\/a><\/li>\n<li><a href=\"https:\/\/quimtol.com.mx\/en\/productos\/metanol\/\">Methanol<\/a><\/li>\n<li><a href=\"https:\/\/quimtol.com.mx\/en\/productos\/monoetanolamina\/\">Monoethanolamine<\/a><\/li>\n<li><a href=\"https:\/\/quimtol.com.mx\/en\/productos\/monoetilenglicol\/\">Monoethylene glycol<\/a><\/li>\n<li><a href=\"https:\/\/quimtol.com.mx\/en\/productos\/nonil-fenol-10-moles\/\">Nonyl Phenol 10 Moles<\/a><\/li>\n<li><a href=\"https:\/\/quimtol.com.mx\/en\/productos\/nonil-fenol-15-moles\/\">Nonyl Phenol 15 Moles<\/a><\/li>\n<li><a href=\"https:\/\/quimtol.com.mx\/en\/productos\/nonil-fenol-6-moles\/\">Nonyl Phenol 6 Moles<\/a><\/li>\n<li><a href=\"https:\/\/quimtol.com.mx\/en\/productos\/oxido-de-amina\/\">Amine oxide<\/a><\/li>\n<li><a href=\"https:\/\/quimtol.com.mx\/en\/productos\/peroxido-de-hidrogeno-al-50\/\">Hydrogen Peroxide 50<\/a><\/li>\n<li><a href=\"https:\/\/quimtol.com.mx\/en\/productos\/potasa-caustica-liquida-47\/\">Liquid Caustic Potash 47<\/a><\/li>\n<li><a href=\"https:\/\/quimtol.com.mx\/en\/productos\/silicato-de-sodio-tipo-o\/\">Sodium Silicate Type O<\/a><\/li>\n<li><a href=\"https:\/\/quimtol.com.mx\/en\/productos\/sosa-caustica-liquida-al-50\/\">Liquid Caustic Soda 50%<\/a><\/li>\n<li><a href=\"https:\/\/quimtol.com.mx\/en\/productos\/terpenos-de-naranja\/\">Orange Terpenes<\/a><\/li>\n<\/ul>\n\t<\/div>\n<\/div>\n\n\t\t<\/div>\n\t\t\t<\/div>\n<\/div>\t<\/div>\n\t\t<\/div>","protected":false},"excerpt":{"rendered":"Qu\u00edmicos Solidos Abrillantador \u00d3ptico Acetato De Amonio Acetato De Sodio Anhidro1 Acetato De Sodio Trihidratado \u00c1cido Borico Granular1 \u00c1cido Borico Polvo \u00c1cido Citrico Acido Clorhidrico 30 \u00c1cido Cromico \u00c1cido Succinico \u00c1cido Sulfamico 99 Alcohol Polivinilico Alta Viscosidad Alcohol Polivinilico Baja Alcohol Polivinilico Media Benzoato De Sodio Granular 1 Bicarbonato De Sodio Usp Bicarbonto De Potasio [...]","protected":false},"author":3,"featured_media":0,"parent":0,"menu_order":0,"comment_status":"closed","ping_status":"closed","template":"","meta":[],"_links":{"self":[{"href":"https:\/\/quimtol.com.mx\/en\/wp-json\/wp\/v2\/pages\/17216"}],"collection":[{"href":"https:\/\/quimtol.com.mx\/en\/wp-json\/wp\/v2\/pages"}],"about":[{"href":"https:\/\/quimtol.com.mx\/en\/wp-json\/wp\/v2\/types\/page"}],"author":[{"embeddable":true,"href":"https:\/\/quimtol.com.mx\/en\/wp-json\/wp\/v2\/users\/3"}],"replies":[{"embeddable":true,"href":"https:\/\/quimtol.com.mx\/en\/wp-json\/wp\/v2\/comments?post=17216"}],"version-history":[{"count":15,"href":"https:\/\/quimtol.com.mx\/en\/wp-json\/wp\/v2\/pages\/17216\/revisions"}],"predecessor-version":[{"id":17754,"href":"https:\/\/quimtol.com.mx\/en\/wp-json\/wp\/v2\/pages\/17216\/revisions\/17754"}],"wp:attachment":[{"href":"https:\/\/quimtol.com.mx\/en\/wp-json\/wp\/v2\/media?parent=17216"}],"curies":[{"name":"wp","href":"https:\/\/api.w.org\/{rel}","templated":true}]}}